{"id":60588,"date":"2020-03-12T19:33:34","date_gmt":"2020-03-12T22:33:34","guid":{"rendered":"https:\/\/www.aprovaconcursos.com.br\/noticias\/?page_id=60588"},"modified":"2026-04-14T11:16:05","modified_gmt":"2026-04-14T14:16:05","slug":"home","status":"publish","type":"page","link":"https:\/\/www.aprovaconcursos.com.br\/noticias\/","title":{"rendered":"Home"},"content":{"rendered":"\t\t\t<div \n\t\t\tclass=\"yotu-playlist yotuwp yotu-limit-min   yotu-thumb-169  yotu-template-grid\" \n\t\t\tdata-page=\"1\"\n\t\t\tid=\"yotuwp-69e59a8b208ea\"\n\t\t\tdata-yotu=\"modal\"\n\t\t\tdata-total=\"383\"\n\t\t\tdata-settings=\"eyJ0eXBlIjoicGxheWxpc3QiLCJpZCI6IlVVbExNcGdGMV9GclJIT3k4SC1pUS1mZyIsInBhZ2luYXRpb24iOiJvZmYiLCJwYWdpdHlwZSI6InBhZ2VyIiwiY29sdW1uIjoiMyIsInBlcl9wYWdlIjoiNiIsInRlbXBsYXRlIjoiZ3JpZCIsInRpdGxlIjoib24iLCJkZXNjcmlwdGlvbiI6Im9mZiIsInRodW1icmF0aW8iOiIxNjkiLCJtZXRhIjoib2ZmIiwibWV0YV9kYXRhIjoib2ZmIiwibWV0YV9wb3NpdGlvbiI6Im9mZiIsImRhdGVfZm9ybWF0Ijoib2ZmIiwibWV0YV9hbGlnbiI6Im9mZiIsInN1YnNjcmliZSI6Im9mZiIsImR1cmF0aW9uIjoib2ZmIiwibWV0YV9pY29uIjoib2ZmIiwibmV4dHRleHQiOiIiLCJwcmV2dGV4dCI6IiIsImxvYWRtb3JldGV4dCI6IiIsInBsYXllciI6eyJtb2RlIjoicG9wdXAiLCJ3aWR0aCI6IjYwMCIsInNjcm9sbGluZyI6IjEwMCIsImF1dG9wbGF5IjowLCJjb250cm9scyI6MCwibW9kZXN0YnJhbmRpbmciOjAsImxvb3AiOjAsImF1dG9uZXh0IjowLCJzaG93aW5mbyI6MCwicmVsIjowLCJwbGF5aW5nIjowLCJwbGF5aW5nX2Rlc2NyaXB0aW9uIjowLCJ0aHVtYm5haWxzIjowLCJjY19sb2FkX3BvbGljeSI6IjEiLCJjY19sYW5nX3ByZWYiOiIxIiwiaGwiOiIiLCJpdl9sb2FkX3BvbGljeSI6IjEifSwibGFzdF90YWIiOiJjYWNoZSIsInVzZV9hc19tb2RhbCI6Im9mZiIsIm1vZGFsX2lkIjoib2ZmIiwibGFzdF91cGRhdGUiOiIxNzc2NDU1NDgyIiwic3R5bGluZyI6eyJwYWdlcl9sYXlvdXQiOiJkZWZhdWx0IiwiYnV0dG9uIjoiMSIsImJ1dHRvbl9jb2xvciI6IiIsImJ1dHRvbl9iZ19jb2xvciI6IiIsImJ1dHRvbl9jb2xvcl9ob3ZlciI6IiIsImJ1dHRvbl9iZ19jb2xvcl9ob3ZlciI6IiIsInZpZGVvX3N0eWxlIjoiYWJuYiIsInBsYXlpY29uX2NvbG9yIjoiIiwiaG92ZXJfaWNvbiI6IiIsImdhbGxlcnlfYmciOiIifSwiZWZmZWN0cyI6eyJ2aWRlb19ib3giOiJ5dGVmLWdyb3ciLCJmbGlwX2VmZmVjdCI6IiJ9LCJnYWxsZXJ5X2lkIjoiNjllNTlhOGIyMDhlYSIsIm5leHQiOiJFQUFhSGxCVU9rTkJXV2xGUkZKR1QxUlNSazlWVVhkT1JFNUdUbXRPUkU1VldRIiwicHJldiI6IiJ9\"\n\t\t\tdata-player=\"popup\"\n\t\t\tdata-showdesc=\"off\" >\n\t\t\t\t<div>\n\t\t\t\t\t<div class=\"yotu-videos yotu-mode-grid yotu-preset yotu-preset-abnb yotu-column-3 yotu-player-mode-popup\">\n\t<ul>\n\t\t\t\t\t<li class=\" yotu-first\">\n\t\t\t\t\t\t\t\t<a href=\"#7PEtb7keokU\" class=\"yotu-video ytef-grow\" data-videoid=\"7PEtb7keokU\" data-title=\"\ud83d\udce2 Se voc\u00ea vai fazer TJSC, esse v\u00eddeo \u00e9 pra voc\u00ea \ud83d\udc40\" title=\"\ud83d\udce2 Se voc\u00ea vai fazer TJSC, esse v\u00eddeo \u00e9 pra voc\u00ea \ud83d\udc40\">\n\t\t\t\t\t<div class=\"yotu-video-thumb-wrp\">\n\t\t\t\t\t\t<div>\n\t\t\t\t\t\t\t\t\t\t\t\t\t\t<img decoding=\"async\" class=\"yotu-video-thumb\" src=\"https:\/\/i.ytimg.com\/vi\/7PEtb7keokU\/sddefault.jpg\" alt=\"\ud83d\udce2 Se voc\u00ea vai fazer TJSC, esse v\u00eddeo \u00e9 pra voc\u00ea \ud83d\udc40\">\t\n\t\t\t\t\t\t\t\t\t\t\t\t\t<\/div>\n\t\t\t\t\t<\/div>\n\t\t\t\t\t\t\t\t\t\t\t<div id=\"ez-toc-container\" class=\"ez-toc-v2_0_80 counter-hierarchy ez-toc-counter ez-toc-custom ez-toc-container-direction\">\n<div class=\"ez-toc-title-container\">\n<p class=\"ez-toc-title\" style=\"cursor:inherit\">Conte\u00fado da P\u00e1gina<\/p>\n<span class=\"ez-toc-title-toggle\"><a href=\"#\" class=\"ez-toc-pull-right ez-toc-btn ez-toc-btn-xs ez-toc-btn-default ez-toc-toggle\" aria-label=\"Alternar tabela de conte\u00fado\"><span class=\"ez-toc-js-icon-con\"><span class=\"\"><span class=\"eztoc-hide\" style=\"display:none;\">Toggle<\/span><span class=\"ez-toc-icon-toggle-span\"><svg style=\"fill: #000000;color:#000000\" xmlns=\"http:\/\/www.w3.org\/2000\/svg\" class=\"list-377408\" width=\"20px\" height=\"20px\" viewBox=\"0 0 24 24\" fill=\"none\"><path d=\"M6 6H4v2h2V6zm14 0H8v2h12V6zM4 11h2v2H4v-2zm16 0H8v2h12v-2zM4 16h2v2H4v-2zm16 0H8v2h12v-2z\" fill=\"currentColor\"><\/path><\/svg><svg style=\"fill: #000000;color:#000000\" class=\"arrow-unsorted-368013\" xmlns=\"http:\/\/www.w3.org\/2000\/svg\" width=\"10px\" height=\"10px\" viewBox=\"0 0 24 24\" version=\"1.2\" baseProfile=\"tiny\"><path d=\"M18.2 9.3l-6.2-6.3-6.2 6.3c-.2.2-.3.4-.3.7s.1.5.3.7c.2.2.4.3.7.3h11c.3 0 .5-.1.7-.3.2-.2.3-.5.3-.7s-.1-.5-.3-.7zM5.8 14.7l6.2 6.3 6.2-6.3c.2-.2.3-.5.3-.7s-.1-.5-.3-.7c-.2-.2-.4-.3-.7-.3h-11c-.3 0-.5.1-.7.3-.2.2-.3.5-.3.7s.1.5.3.7z\"\/><\/svg><\/span><\/span><\/span><\/a><\/span><\/div>\n<nav><ul class='ez-toc-list ez-toc-list-level-1 ' ><li class='ez-toc-page-1 ez-toc-heading-level-3'><a class=\"ez-toc-link ez-toc-heading-1\" href=\"https:\/\/www.aprovaconcursos.com.br\/noticias\/#%F0%9F%93%A2_Se_voce_vai_fazer_TJSC_esse_video_e_pra_voce_%F0%9F%91%80\" >\ud83d\udce2 Se voc\u00ea vai fazer TJSC, esse v\u00eddeo \u00e9 pra voc\u00ea \ud83d\udc40<\/a><\/li><li class='ez-toc-page-1 ez-toc-heading-level-3'><a class=\"ez-toc-link ez-toc-heading-2\" href=\"https:\/\/www.aprovaconcursos.com.br\/noticias\/#Quer_garantir_a_isencao_do_ENEM_2026_%F0%9F%91%80\" >Quer garantir a isen\u00e7\u00e3o do ENEM 2026? \ud83d\udc40<\/a><\/li><li class='ez-toc-page-1 ez-toc-heading-level-3'><a class=\"ez-toc-link ez-toc-heading-3\" href=\"https:\/\/www.aprovaconcursos.com.br\/noticias\/#Mais_tela_Menos_vida_real\" >Mais tela. Menos vida real.<\/a><\/li><li class='ez-toc-page-1 ez-toc-heading-level-3'><a class=\"ez-toc-link ez-toc-heading-4\" href=\"https:\/\/www.aprovaconcursos.com.br\/noticias\/#ATUALIDADES_PARA_CONCURSOS_Entre_o_espaco_e_a_Terra_o_que_estamos_construindo\" >ATUALIDADES PARA CONCURSOS: Entre o espa\u00e7o e a Terra: o que estamos construindo?<\/a><\/li><li class='ez-toc-page-1 ez-toc-heading-level-3'><a class=\"ez-toc-link ez-toc-heading-5\" href=\"https:\/\/www.aprovaconcursos.com.br\/noticias\/#ATUALIDADE_PARA_CONCURSOS_Abril_comecou_ciencia_e_reflexao_pra_ir_melhor_nas_provas\" >ATUALIDADE PARA CONCURSOS: Abril come\u00e7ou: ci\u00eancia e reflex\u00e3o pra ir melhor nas provas<\/a><\/li><li class='ez-toc-page-1 ez-toc-heading-level-3'><a class=\"ez-toc-link ez-toc-heading-6\" href=\"https:\/\/www.aprovaconcursos.com.br\/noticias\/#Polemicas_da_Semana_em_1_Minuto_%F0%9F%91%80\" >Pol\u00eamicas da Semana em 1 Minuto \ud83d\udc40<\/a><\/li><\/ul><\/nav><\/div>\n<h3 class=\"yotu-video-title\"><span class=\"ez-toc-section\" id=\"%F0%9F%93%A2_Se_voce_vai_fazer_TJSC_esse_video_e_pra_voce_%F0%9F%91%80\"><\/span>\ud83d\udce2 Se voc\u00ea vai fazer TJSC, esse v\u00eddeo \u00e9 pra voc\u00ea \ud83d\udc40<span class=\"ez-toc-section-end\"><\/span><\/h3>\n\t\t\t\t\t\t\t\t\t\t\t\t\t\t\t\t\t\t\t<\/a>\n\t\t\t\t\t\t\t<\/li>\n\t\t\t\t\n\t\t\t\t\t\t<li class=\"\">\n\t\t\t\t\t\t\t\t<a href=\"#MNWDKQ8NcN4\" class=\"yotu-video ytef-grow\" data-videoid=\"MNWDKQ8NcN4\" data-title=\"Quer garantir a isen\u00e7\u00e3o do ENEM 2026? \ud83d\udc40\" title=\"Quer garantir a isen\u00e7\u00e3o do ENEM 2026? \ud83d\udc40\">\n\t\t\t\t\t<div class=\"yotu-video-thumb-wrp\">\n\t\t\t\t\t\t<div>\n\t\t\t\t\t\t\t\t\t\t\t\t\t\t<img decoding=\"async\" class=\"yotu-video-thumb\" src=\"https:\/\/i.ytimg.com\/vi\/MNWDKQ8NcN4\/sddefault.jpg\" alt=\"Quer garantir a isen\u00e7\u00e3o do ENEM 2026? \ud83d\udc40\">\t\n\t\t\t\t\t\t\t\t\t\t\t\t\t<\/div>\n\t\t\t\t\t<\/div>\n\t\t\t\t\t\t\t\t\t\t\t<h3 class=\"yotu-video-title\"><span class=\"ez-toc-section\" id=\"Quer_garantir_a_isencao_do_ENEM_2026_%F0%9F%91%80\"><\/span>Quer garantir a isen\u00e7\u00e3o do ENEM 2026? \ud83d\udc40<span class=\"ez-toc-section-end\"><\/span><\/h3>\n\t\t\t\t\t\t\t\t\t\t\t\t\t\t\t\t\t\t\t<\/a>\n\t\t\t\t\t\t\t<\/li>\n\t\t\t\t\n\t\t\t\t\t\t<li class=\"\">\n\t\t\t\t\t\t\t\t<a href=\"#WFD1mmFk6gg\" class=\"yotu-video ytef-grow\" data-videoid=\"WFD1mmFk6gg\" data-title=\"Mais tela. Menos vida real.\" title=\"Mais tela. Menos vida real.\">\n\t\t\t\t\t<div class=\"yotu-video-thumb-wrp\">\n\t\t\t\t\t\t<div>\n\t\t\t\t\t\t\t\t\t\t\t\t\t\t<img decoding=\"async\" class=\"yotu-video-thumb\" src=\"https:\/\/i.ytimg.com\/vi\/WFD1mmFk6gg\/sddefault.jpg\" alt=\"Mais tela. Menos vida real.\">\t\n\t\t\t\t\t\t\t\t\t\t\t\t\t<\/div>\n\t\t\t\t\t<\/div>\n\t\t\t\t\t\t\t\t\t\t\t<h3 class=\"yotu-video-title\"><span class=\"ez-toc-section\" id=\"Mais_tela_Menos_vida_real\"><\/span>Mais tela. Menos vida real.<span class=\"ez-toc-section-end\"><\/span><\/h3>\n\t\t\t\t\t\t\t\t\t\t\t\t\t\t\t\t\t\t\t<\/a>\n\t\t\t\t\t\t\t<\/li>\n\t\t\t\t\n\t\t\t\t\t\t<li class=\"\">\n\t\t\t\t\t\t\t\t<a href=\"#k4iEtEuvlsI\" class=\"yotu-video ytef-grow\" data-videoid=\"k4iEtEuvlsI\" data-title=\"ATUALIDADES PARA CONCURSOS: Entre o espa\u00e7o e a Terra: o que estamos construindo?\" title=\"ATUALIDADES PARA CONCURSOS: Entre o espa\u00e7o e a Terra: o que estamos construindo?\">\n\t\t\t\t\t<div class=\"yotu-video-thumb-wrp\">\n\t\t\t\t\t\t<div>\n\t\t\t\t\t\t\t\t\t\t\t\t\t\t<img decoding=\"async\" class=\"yotu-video-thumb\" src=\"https:\/\/i.ytimg.com\/vi\/k4iEtEuvlsI\/sddefault.jpg\" alt=\"ATUALIDADES PARA CONCURSOS: Entre o espa\u00e7o e a Terra: o que estamos construindo?\">\t\n\t\t\t\t\t\t\t\t\t\t\t\t\t<\/div>\n\t\t\t\t\t<\/div>\n\t\t\t\t\t\t\t\t\t\t\t<h3 class=\"yotu-video-title\"><span class=\"ez-toc-section\" id=\"ATUALIDADES_PARA_CONCURSOS_Entre_o_espaco_e_a_Terra_o_que_estamos_construindo\"><\/span>ATUALIDADES PARA CONCURSOS: Entre o espa\u00e7o e a Terra: o que estamos construindo?<span class=\"ez-toc-section-end\"><\/span><\/h3>\n\t\t\t\t\t\t\t\t\t\t\t\t\t\t\t\t\t\t\t<\/a>\n\t\t\t\t\t\t\t<\/li>\n\t\t\t\t\n\t\t\t\t\t\t<li class=\"\">\n\t\t\t\t\t\t\t\t<a href=\"#VP9vLAMd7Jk\" class=\"yotu-video ytef-grow\" data-videoid=\"VP9vLAMd7Jk\" data-title=\"ATUALIDADE PARA CONCURSOS: Abril come\u00e7ou: ci\u00eancia e reflex\u00e3o pra ir melhor nas provas\" title=\"ATUALIDADE PARA CONCURSOS: Abril come\u00e7ou: ci\u00eancia e reflex\u00e3o pra ir melhor nas provas\">\n\t\t\t\t\t<div class=\"yotu-video-thumb-wrp\">\n\t\t\t\t\t\t<div>\n\t\t\t\t\t\t\t\t\t\t\t\t\t\t<img decoding=\"async\" class=\"yotu-video-thumb\" src=\"https:\/\/i.ytimg.com\/vi\/VP9vLAMd7Jk\/sddefault.jpg\" alt=\"ATUALIDADE PARA CONCURSOS: Abril come\u00e7ou: ci\u00eancia e reflex\u00e3o pra ir melhor nas provas\">\t\n\t\t\t\t\t\t\t\t\t\t\t\t\t<\/div>\n\t\t\t\t\t<\/div>\n\t\t\t\t\t\t\t\t\t\t\t<h3 class=\"yotu-video-title\"><span class=\"ez-toc-section\" id=\"ATUALIDADE_PARA_CONCURSOS_Abril_comecou_ciencia_e_reflexao_pra_ir_melhor_nas_provas\"><\/span>ATUALIDADE PARA CONCURSOS: Abril come\u00e7ou: ci\u00eancia e reflex\u00e3o pra ir melhor nas provas<span class=\"ez-toc-section-end\"><\/span><\/h3>\n\t\t\t\t\t\t\t\t\t\t\t\t\t\t\t\t\t\t\t<\/a>\n\t\t\t\t\t\t\t<\/li>\n\t\t\t\t\n\t\t\t\t\t\t<li class=\" yotu-last\">\n\t\t\t\t\t\t\t\t<a href=\"#sv9hrHwAdbI\" class=\"yotu-video ytef-grow\" data-videoid=\"sv9hrHwAdbI\" data-title=\"Pol\u00eamicas da Semana em 1 Minuto \ud83d\udc40\" title=\"Pol\u00eamicas da Semana em 1 Minuto \ud83d\udc40\">\n\t\t\t\t\t<div class=\"yotu-video-thumb-wrp\">\n\t\t\t\t\t\t<div>\n\t\t\t\t\t\t\t\t\t\t\t\t\t\t<img decoding=\"async\" class=\"yotu-video-thumb\" src=\"https:\/\/i.ytimg.com\/vi\/sv9hrHwAdbI\/sddefault.jpg\" alt=\"Pol\u00eamicas da Semana em 1 Minuto \ud83d\udc40\">\t\n\t\t\t\t\t\t\t\t\t\t\t\t\t<\/div>\n\t\t\t\t\t<\/div>\n\t\t\t\t\t\t\t\t\t\t\t<h3 class=\"yotu-video-title\"><span class=\"ez-toc-section\" id=\"Polemicas_da_Semana_em_1_Minuto_%F0%9F%91%80\"><\/span>Pol\u00eamicas da Semana em 1 Minuto \ud83d\udc40<span class=\"ez-toc-section-end\"><\/span><\/h3>\n\t\t\t\t\t\t\t\t\t\t\t\t\t\t\t\t\t\t\t<\/a>\n\t\t\t\t\t\t\t<\/li>\n\t\t\t\t\n\t\t\t\t<\/ul>\n<\/div>\t\t\t\t<\/div>\n\t\t\t<\/div>\n\t\t\t\n","protected":false},"excerpt":{"rendered":"","protected":false},"author":1,"featured_media":0,"parent":0,"menu_order":0,"comment_status":"closed","ping_status":"closed","template":"templates\/home.php","meta":{"footnotes":""},"class_list":["post-60588","page","type-page","status-publish","hentry"],"_yoast_wpseo_title":"Not\u00edcias sobre Concursos P\u00fablicos de todo Brasil - Aprova Concursos","_yoast_wpseo_metadesc":"Fique por dentro das not\u00edcias sobre concursos p\u00fablicos do Brasil inteiro, ENEM, Exame de Ordem (OAB) e Exame de Sufici\u00eancia (CFC). Mantenha-se atualizado aqui!","_yoast_wpseo_focuskw":null,"yoast_head":"<!-- This site is optimized with the Yoast SEO plugin v26.8 - https:\/\/yoast.com\/product\/yoast-seo-wordpress\/ -->\n<title>Not\u00edcias sobre Concursos P\u00fablicos de todo Brasil - Aprova Concursos<\/title>\n<meta name=\"description\" content=\"Fique por dentro das not\u00edcias sobre concursos p\u00fablicos do Brasil inteiro, ENEM, Exame de Ordem (OAB) e Exame de Sufici\u00eancia (CFC). Mantenha-se atualizado aqui!\" \/>\n<meta name=\"robots\" content=\"index, follow, max-snippet:-1, max-image-preview:large, max-video-preview:-1\" \/>\n<link rel=\"canonical\" href=\"https:\/\/www.aprovaconcursos.com.br\/noticias\/\" \/>\n<meta property=\"og:locale\" content=\"pt_BR\" \/>\n<meta property=\"og:type\" content=\"article\" \/>\n<meta property=\"og:title\" content=\"Not\u00edcias sobre Concursos P\u00fablicos de todo Brasil - Aprova Concursos\" \/>\n<meta property=\"og:description\" content=\"Fique por dentro das not\u00edcias sobre concursos p\u00fablicos do Brasil inteiro, ENEM, Exame de Ordem (OAB) e Exame de Sufici\u00eancia (CFC). Mantenha-se atualizado aqui!\" \/>\n<meta property=\"og:url\" content=\"https:\/\/www.aprovaconcursos.com.br\/noticias\/\" \/>\n<meta property=\"og:site_name\" content=\"Blog Aprova Concursos - Not\u00edcias\" \/>\n<meta property=\"article:publisher\" content=\"https:\/\/www.facebook.com\/aprovaconcursos\" \/>\n<meta property=\"article:modified_time\" content=\"2026-04-14T14:16:05+00:00\" \/>\n<meta property=\"og:image\" content=\"https:\/\/www.aprovaconcursos.com.br\/noticias\/wp-content\/uploads\/2020\/09\/open-graph.webp\" \/>\n\t<meta property=\"og:image:width\" content=\"300\" \/>\n\t<meta property=\"og:image:height\" content=\"300\" \/>\n\t<meta property=\"og:image:type\" content=\"image\/png\" \/>\n<meta name=\"twitter:card\" content=\"summary_large_image\" \/>\n<meta name=\"twitter:site\" content=\"@AprovaConcursos\" \/>\n<script type=\"application\/ld+json\" class=\"yoast-schema-graph\">{\"@context\":\"https:\/\/schema.org\",\"@graph\":[{\"@type\":\"WebPage\",\"@id\":\"https:\/\/www.aprovaconcursos.com.br\/noticias\/\",\"url\":\"https:\/\/www.aprovaconcursos.com.br\/noticias\/\",\"name\":\"Not\u00edcias sobre Concursos P\u00fablicos de todo Brasil - Aprova Concursos\",\"isPartOf\":{\"@id\":\"https:\/\/www.aprovaconcursos.com.br\/noticias\/#website\"},\"datePublished\":\"2020-03-12T22:33:34+00:00\",\"dateModified\":\"2026-04-14T14:16:05+00:00\",\"description\":\"Fique por dentro das not\u00edcias sobre concursos p\u00fablicos do Brasil inteiro, ENEM, Exame de Ordem (OAB) e Exame de Sufici\u00eancia (CFC). Mantenha-se atualizado aqui!\",\"breadcrumb\":{\"@id\":\"https:\/\/www.aprovaconcursos.com.br\/noticias\/#breadcrumb\"},\"inLanguage\":\"pt-BR\",\"potentialAction\":[{\"@type\":\"ReadAction\",\"target\":[\"https:\/\/www.aprovaconcursos.com.br\/noticias\/\"]}]},{\"@type\":\"BreadcrumbList\",\"@id\":\"https:\/\/www.aprovaconcursos.com.br\/noticias\/#breadcrumb\",\"itemListElement\":[{\"@type\":\"ListItem\",\"position\":1,\"name\":\"In\u00edcio\",\"item\":\"https:\/\/www.aprovaconcursos.com.br\/noticias\/\"},{\"@type\":\"ListItem\",\"position\":2,\"name\":\"Home\"}]},{\"@type\":\"WebSite\",\"@id\":\"https:\/\/www.aprovaconcursos.com.br\/noticias\/#website\",\"url\":\"https:\/\/www.aprovaconcursos.com.br\/noticias\/\",\"name\":\"Blog Aprova Concursos - Not\u00edcias\",\"description\":\"Fique por dentro das not\u00edcias sobre concursos p\u00fablicos do Brasil inteiro, ENEM, Exame de Ordem (OAB) e Exame de Sufici\u00eancia (CFC). Mantenha-se atualizado aqui!\",\"publisher\":{\"@id\":\"https:\/\/www.aprovaconcursos.com.br\/noticias\/#organization\"},\"potentialAction\":[{\"@type\":\"SearchAction\",\"target\":{\"@type\":\"EntryPoint\",\"urlTemplate\":\"https:\/\/www.aprovaconcursos.com.br\/noticias\/?s={search_term_string}\"},\"query-input\":{\"@type\":\"PropertyValueSpecification\",\"valueRequired\":true,\"valueName\":\"search_term_string\"}}],\"inLanguage\":\"pt-BR\"},{\"@type\":\"Organization\",\"@id\":\"https:\/\/www.aprovaconcursos.com.br\/noticias\/#organization\",\"name\":\"Aprova Concursos\",\"url\":\"https:\/\/www.aprovaconcursos.com.br\/noticias\/\",\"logo\":{\"@type\":\"ImageObject\",\"inLanguage\":\"pt-BR\",\"@id\":\"https:\/\/www.aprovaconcursos.com.br\/noticias\/#\/schema\/logo\/image\/\",\"url\":\"https:\/\/www.aprovaconcursos.com.br\/noticias\/wp-content\/uploads\/2020\/09\/open-graph.webp\",\"contentUrl\":\"https:\/\/www.aprovaconcursos.com.br\/noticias\/wp-content\/uploads\/2020\/09\/open-graph.webp\",\"width\":300,\"height\":300,\"caption\":\"Aprova Concursos\"},\"image\":{\"@id\":\"https:\/\/www.aprovaconcursos.com.br\/noticias\/#\/schema\/logo\/image\/\"},\"sameAs\":[\"https:\/\/www.facebook.com\/aprovaconcursos\",\"https:\/\/x.com\/AprovaConcursos\",\"https:\/\/www.instagram.com\/aprovaconcursos\/\",\"https:\/\/www.youtube.com\/aprovaconcursos\"]}]}<\/script>\n<!-- \/ Yoast SEO plugin. -->","yoast_head_json":{"title":"Not\u00edcias sobre Concursos P\u00fablicos de todo Brasil - Aprova Concursos","description":"Fique por dentro das not\u00edcias sobre concursos p\u00fablicos do Brasil inteiro, ENEM, Exame de Ordem (OAB) e Exame de Sufici\u00eancia (CFC). Mantenha-se atualizado aqui!","robots":{"index":"index","follow":"follow","max-snippet":"max-snippet:-1","max-image-preview":"max-image-preview:large","max-video-preview":"max-video-preview:-1"},"canonical":"https:\/\/www.aprovaconcursos.com.br\/noticias\/","og_locale":"pt_BR","og_type":"article","og_title":"Not\u00edcias sobre Concursos P\u00fablicos de todo Brasil - Aprova Concursos","og_description":"Fique por dentro das not\u00edcias sobre concursos p\u00fablicos do Brasil inteiro, ENEM, Exame de Ordem (OAB) e Exame de Sufici\u00eancia (CFC). Mantenha-se atualizado aqui!","og_url":"https:\/\/www.aprovaconcursos.com.br\/noticias\/","og_site_name":"Blog Aprova Concursos - Not\u00edcias","article_publisher":"https:\/\/www.facebook.com\/aprovaconcursos","article_modified_time":"2026-04-14T14:16:05+00:00","og_image":[{"width":300,"height":300,"url":"https:\/\/www.aprovaconcursos.com.br\/noticias\/wp-content\/uploads\/2020\/09\/open-graph.webp","type":"image\/png"}],"twitter_card":"summary_large_image","twitter_site":"@AprovaConcursos","schema":{"@context":"https:\/\/schema.org","@graph":[{"@type":"WebPage","@id":"https:\/\/www.aprovaconcursos.com.br\/noticias\/","url":"https:\/\/www.aprovaconcursos.com.br\/noticias\/","name":"Not\u00edcias sobre Concursos P\u00fablicos de todo Brasil - Aprova Concursos","isPartOf":{"@id":"https:\/\/www.aprovaconcursos.com.br\/noticias\/#website"},"datePublished":"2020-03-12T22:33:34+00:00","dateModified":"2026-04-14T14:16:05+00:00","description":"Fique por dentro das not\u00edcias sobre concursos p\u00fablicos do Brasil inteiro, ENEM, Exame de Ordem (OAB) e Exame de Sufici\u00eancia (CFC). Mantenha-se atualizado aqui!","breadcrumb":{"@id":"https:\/\/www.aprovaconcursos.com.br\/noticias\/#breadcrumb"},"inLanguage":"pt-BR","potentialAction":[{"@type":"ReadAction","target":["https:\/\/www.aprovaconcursos.com.br\/noticias\/"]}]},{"@type":"BreadcrumbList","@id":"https:\/\/www.aprovaconcursos.com.br\/noticias\/#breadcrumb","itemListElement":[{"@type":"ListItem","position":1,"name":"In\u00edcio","item":"https:\/\/www.aprovaconcursos.com.br\/noticias\/"},{"@type":"ListItem","position":2,"name":"Home"}]},{"@type":"WebSite","@id":"https:\/\/www.aprovaconcursos.com.br\/noticias\/#website","url":"https:\/\/www.aprovaconcursos.com.br\/noticias\/","name":"Blog Aprova Concursos - Not\u00edcias","description":"Fique por dentro das not\u00edcias sobre concursos p\u00fablicos do Brasil inteiro, ENEM, Exame de Ordem (OAB) e Exame de Sufici\u00eancia (CFC). Mantenha-se atualizado aqui!","publisher":{"@id":"https:\/\/www.aprovaconcursos.com.br\/noticias\/#organization"},"potentialAction":[{"@type":"SearchAction","target":{"@type":"EntryPoint","urlTemplate":"https:\/\/www.aprovaconcursos.com.br\/noticias\/?s={search_term_string}"},"query-input":{"@type":"PropertyValueSpecification","valueRequired":true,"valueName":"search_term_string"}}],"inLanguage":"pt-BR"},{"@type":"Organization","@id":"https:\/\/www.aprovaconcursos.com.br\/noticias\/#organization","name":"Aprova Concursos","url":"https:\/\/www.aprovaconcursos.com.br\/noticias\/","logo":{"@type":"ImageObject","inLanguage":"pt-BR","@id":"https:\/\/www.aprovaconcursos.com.br\/noticias\/#\/schema\/logo\/image\/","url":"https:\/\/www.aprovaconcursos.com.br\/noticias\/wp-content\/uploads\/2020\/09\/open-graph.webp","contentUrl":"https:\/\/www.aprovaconcursos.com.br\/noticias\/wp-content\/uploads\/2020\/09\/open-graph.webp","width":300,"height":300,"caption":"Aprova Concursos"},"image":{"@id":"https:\/\/www.aprovaconcursos.com.br\/noticias\/#\/schema\/logo\/image\/"},"sameAs":["https:\/\/www.facebook.com\/aprovaconcursos","https:\/\/x.com\/AprovaConcursos","https:\/\/www.instagram.com\/aprovaconcursos\/","https:\/\/www.youtube.com\/aprovaconcursos"]}]}},"_links":{"self":[{"href":"https:\/\/www.aprovaconcursos.com.br\/noticias\/wp-json\/wp\/v2\/pages\/60588","targetHints":{"allow":["GET"]}}],"collection":[{"href":"https:\/\/www.aprovaconcursos.com.br\/noticias\/wp-json\/wp\/v2\/pages"}],"about":[{"href":"https:\/\/www.aprovaconcursos.com.br\/noticias\/wp-json\/wp\/v2\/types\/page"}],"author":[{"embeddable":true,"href":"https:\/\/www.aprovaconcursos.com.br\/noticias\/wp-json\/wp\/v2\/users\/1"}],"replies":[{"embeddable":true,"href":"https:\/\/www.aprovaconcursos.com.br\/noticias\/wp-json\/wp\/v2\/comments?post=60588"}],"version-history":[{"count":33,"href":"https:\/\/www.aprovaconcursos.com.br\/noticias\/wp-json\/wp\/v2\/pages\/60588\/revisions"}],"predecessor-version":[{"id":149769,"href":"https:\/\/www.aprovaconcursos.com.br\/noticias\/wp-json\/wp\/v2\/pages\/60588\/revisions\/149769"}],"wp:attachment":[{"href":"https:\/\/www.aprovaconcursos.com.br\/noticias\/wp-json\/wp\/v2\/media?parent=60588"}],"curies":[{"name":"wp","href":"https:\/\/api.w.org\/{rel}","templated":true}]}}